{"id":961,"date":"2021-10-21T19:37:41","date_gmt":"2021-10-21T19:37:41","guid":{"rendered":"https:\/\/finaisolana.agit.si\/product\/salt-lustna\/"},"modified":"2024-02-01T17:21:10","modified_gmt":"2024-02-01T17:21:10","slug":"sol-lustna","status":"publish","type":"product","link":"https:\/\/finaisolana.si\/en\/product\/sol-lustna\/","title":{"rendered":"Lu\u0161tna herb salt"},"content":{"rendered":"<p><strong>Lu\u0161tna herb salt<\/strong> is a spice distinguished by its delicacy and intoxicating aroma, making it a true gem in the world of spices. This special blend is composed exclusively of flowers, with immortelle predominating, giving it a unique, gentle, and at the same time, charming character. Its subtleness makes it ideal for use in a wide range of dishes with milder flavors, where it doesn&#8217;t overpower other notes but gently complements and highlights them.<\/p>\n<p>Lu\u0161tna herb <a href=\"https:\/\/finaisolana.si\/en\/piran-salt\/\">salt<\/a> is perfect for delicate dishes such as seafood, various types of cheeses, polenta, creamy risottos, soups, and vegetable dishes. It also works excellently in marinades and sauces, and it adds a special note to egg dishes, spreads, and even fried potatoes. In fried potatoes, its use truly stands out, as it adds a unique dimension of flavor that transforms a simple dish into a culinary delight. This spice is an ideal choice for those seeking something special, delicate, and aromatic to enrich their culinary masterpieces.<\/p>\n","protected":false},"excerpt":{"rendered":"<p><strong>Suitable for:<\/strong> Seafood | Cold starters | Salads | Spreads | Pasta | Polenta | Risottos<\/p>\n<p>Lu\u0161tna is a spice distinguished by its delicacy and intoxicating aroma, making it a true gem in the world of spices. This special blend is composed exclusively of flowers, with immortelle predominating, giving it a unique, gentle, and at the same time, charming character.<\/p>\n<p><strong>Ingredients<\/strong>: Unrefined non-iodized sea salt, dried flower, elderflower, acacia flower, forest spleen flower, marigold flower.<br \/>\n<strong>Net:<\/strong> 110g<\/p>\n","protected":false},"featured_media":528,"template":"","meta":[],"product_brand":[],"product_cat":[82,91],"product_tag":[],"class_list":{"0":"post-961","1":"product","2":"type-product","3":"status-publish","4":"has-post-thumbnail","6":"product_cat-salt","7":"product_cat-classic-line","9":"first","10":"instock","11":"taxable","12":"shipping-taxable","13":"purchasable","14":"product-type-simple"},"yoast_head":"<!-- This site is optimized with the Yoast SEO plugin v27.1.1 - https:\/\/yoast.com\/product\/yoast-seo-wordpress\/ -->\n<title>Lu\u0161tna herb salt - FinaIsolana.si<\/title>\n<meta name=\"description\" content=\"Lu\u0161tna herb salt is a spice distinguished by its delicacy and intoxicating aroma, making it a true gem in the world of spices.\" \/>\n<meta name=\"robots\" content=\"index, follow, max-snippet:-1, max-image-preview:large, max-video-preview:-1\" \/>\n<link rel=\"canonical\" href=\"https:\/\/finaisolana.si\/en\/product\/sol-lustna\/\" \/>\n<meta property=\"og:locale\" content=\"en_US\" \/>\n<meta property=\"og:type\" content=\"article\" \/>\n<meta property=\"og:title\" content=\"Lu\u0161tna herb salt - FinaIsolana.si\" \/>\n<meta property=\"og:description\" content=\"Lu\u0161tna herb salt is a spice distinguished by its delicacy and intoxicating aroma, making it a true gem in the world of spices.\" \/>\n<meta property=\"og:url\" content=\"https:\/\/finaisolana.si\/en\/product\/sol-lustna\/\" \/>\n<meta property=\"og:site_name\" content=\"FinaIsolana.si\" \/>\n<meta property=\"article:publisher\" content=\"https:\/\/www.facebook.com\/finaisolana\" \/>\n<meta property=\"article:modified_time\" content=\"2024-02-01T17:21:10+00:00\" \/>\n<meta property=\"og:image\" content=\"https:\/\/finaisolana.si\/wp-content\/uploads\/2021\/10\/finaisolana_lustna_sol.png\" \/>\n\t<meta property=\"og:image:width\" content=\"937\" \/>\n\t<meta property=\"og:image:height\" content=\"937\" \/>\n\t<meta property=\"og:image:type\" content=\"image\/png\" \/>\n<meta name=\"twitter:card\" content=\"summary_large_image\" \/>\n<meta name=\"twitter:label1\" content=\"Est. reading time\" \/>\n\t<meta name=\"twitter:data1\" content=\"1 minute\" \/>\n<script type=\"application\/ld+json\" class=\"yoast-schema-graph\">{\"@context\":\"https:\/\/schema.org\",\"@graph\":[{\"@type\":[\"WebPage\",\"ItemPage\"],\"@id\":\"https:\/\/finaisolana.si\/en\/product\/sol-lustna\/\",\"url\":\"https:\/\/finaisolana.si\/en\/product\/sol-lustna\/\",\"name\":\"Lu\u0161tna herb salt - FinaIsolana.si\",\"isPartOf\":{\"@id\":\"https:\/\/finaisolana.si\/#website\"},\"primaryImageOfPage\":{\"@id\":\"https:\/\/finaisolana.si\/en\/product\/sol-lustna\/#primaryimage\"},\"image\":{\"@id\":\"https:\/\/finaisolana.si\/en\/product\/sol-lustna\/#primaryimage\"},\"thumbnailUrl\":\"https:\/\/finaisolana.si\/wp-content\/uploads\/2021\/10\/finaisolana_lustna_sol.png\",\"datePublished\":\"2021-10-21T19:37:41+00:00\",\"dateModified\":\"2024-02-01T17:21:10+00:00\",\"description\":\"Lu\u0161tna herb salt is a spice distinguished by its delicacy and intoxicating aroma, making it a true gem in the world of spices.\",\"breadcrumb\":{\"@id\":\"https:\/\/finaisolana.si\/en\/product\/sol-lustna\/#breadcrumb\"},\"inLanguage\":\"en-US\",\"potentialAction\":[{\"@type\":\"ReadAction\",\"target\":[\"https:\/\/finaisolana.si\/en\/product\/sol-lustna\/\"]}]},{\"@type\":\"ImageObject\",\"inLanguage\":\"en-US\",\"@id\":\"https:\/\/finaisolana.si\/en\/product\/sol-lustna\/#primaryimage\",\"url\":\"https:\/\/finaisolana.si\/wp-content\/uploads\/2021\/10\/finaisolana_lustna_sol.png\",\"contentUrl\":\"https:\/\/finaisolana.si\/wp-content\/uploads\/2021\/10\/finaisolana_lustna_sol.png\",\"width\":937,\"height\":937,\"caption\":\"Lu\u0161tna zeli\u0161\u010dna sol\"},{\"@type\":\"BreadcrumbList\",\"@id\":\"https:\/\/finaisolana.si\/en\/product\/sol-lustna\/#breadcrumb\",\"itemListElement\":[{\"@type\":\"ListItem\",\"position\":1,\"name\":\"Home\",\"item\":\"https:\/\/finaisolana.si\/en\/\"},{\"@type\":\"ListItem\",\"position\":2,\"name\":\"Shop\",\"item\":\"https:\/\/finaisolana.si\/en\/shop\/\"},{\"@type\":\"ListItem\",\"position\":3,\"name\":\"Lu\u0161tna herb salt\"}]},{\"@type\":\"WebSite\",\"@id\":\"https:\/\/finaisolana.si\/#website\",\"url\":\"https:\/\/finaisolana.si\/\",\"name\":\"Fina Isolana\",\"description\":\"Preprosta kuhinja, ki zdru\u017euje\",\"publisher\":{\"@id\":\"https:\/\/finaisolana.si\/#organization\"},\"alternateName\":\"Fina Isolana\",\"potentialAction\":[{\"@type\":\"SearchAction\",\"target\":{\"@type\":\"EntryPoint\",\"urlTemplate\":\"https:\/\/finaisolana.si\/?s={search_term_string}\"},\"query-input\":{\"@type\":\"PropertyValueSpecification\",\"valueRequired\":true,\"valueName\":\"search_term_string\"}}],\"inLanguage\":\"en-US\"},{\"@type\":\"Organization\",\"@id\":\"https:\/\/finaisolana.si\/#organization\",\"name\":\"S.OLIA d.o.o.\",\"url\":\"https:\/\/finaisolana.si\/\",\"logo\":{\"@type\":\"ImageObject\",\"inLanguage\":\"en-US\",\"@id\":\"https:\/\/finaisolana.si\/#\/schema\/logo\/image\/\",\"url\":\"https:\/\/finaisolana.si\/wp-content\/uploads\/2021\/11\/finaisolana-logo-good.png\",\"contentUrl\":\"https:\/\/finaisolana.si\/wp-content\/uploads\/2021\/11\/finaisolana-logo-good.png\",\"width\":627,\"height\":248,\"caption\":\"S.OLIA d.o.o.\"},\"image\":{\"@id\":\"https:\/\/finaisolana.si\/#\/schema\/logo\/image\/\"},\"sameAs\":[\"https:\/\/www.facebook.com\/finaisolana\"]}]}<\/script>\n<!-- \/ Yoast SEO plugin. -->","yoast_head_json":{"title":"Lu\u0161tna herb salt - FinaIsolana.si","description":"Lu\u0161tna herb salt is a spice distinguished by its delicacy and intoxicating aroma, making it a true gem in the world of spices.","robots":{"index":"index","follow":"follow","max-snippet":"max-snippet:-1","max-image-preview":"max-image-preview:large","max-video-preview":"max-video-preview:-1"},"canonical":"https:\/\/finaisolana.si\/en\/product\/sol-lustna\/","og_locale":"en_US","og_type":"article","og_title":"Lu\u0161tna herb salt - FinaIsolana.si","og_description":"Lu\u0161tna herb salt is a spice distinguished by its delicacy and intoxicating aroma, making it a true gem in the world of spices.","og_url":"https:\/\/finaisolana.si\/en\/product\/sol-lustna\/","og_site_name":"FinaIsolana.si","article_publisher":"https:\/\/www.facebook.com\/finaisolana","article_modified_time":"2024-02-01T17:21:10+00:00","og_image":[{"width":937,"height":937,"url":"https:\/\/finaisolana.si\/wp-content\/uploads\/2021\/10\/finaisolana_lustna_sol.png","type":"image\/png"}],"twitter_card":"summary_large_image","twitter_misc":{"Est. reading time":"1 minute"},"schema":{"@context":"https:\/\/schema.org","@graph":[{"@type":["WebPage","ItemPage"],"@id":"https:\/\/finaisolana.si\/en\/product\/sol-lustna\/","url":"https:\/\/finaisolana.si\/en\/product\/sol-lustna\/","name":"Lu\u0161tna herb salt - FinaIsolana.si","isPartOf":{"@id":"https:\/\/finaisolana.si\/#website"},"primaryImageOfPage":{"@id":"https:\/\/finaisolana.si\/en\/product\/sol-lustna\/#primaryimage"},"image":{"@id":"https:\/\/finaisolana.si\/en\/product\/sol-lustna\/#primaryimage"},"thumbnailUrl":"https:\/\/finaisolana.si\/wp-content\/uploads\/2021\/10\/finaisolana_lustna_sol.png","datePublished":"2021-10-21T19:37:41+00:00","dateModified":"2024-02-01T17:21:10+00:00","description":"Lu\u0161tna herb salt is a spice distinguished by its delicacy and intoxicating aroma, making it a true gem in the world of spices.","breadcrumb":{"@id":"https:\/\/finaisolana.si\/en\/product\/sol-lustna\/#breadcrumb"},"inLanguage":"en-US","potentialAction":[{"@type":"ReadAction","target":["https:\/\/finaisolana.si\/en\/product\/sol-lustna\/"]}]},{"@type":"ImageObject","inLanguage":"en-US","@id":"https:\/\/finaisolana.si\/en\/product\/sol-lustna\/#primaryimage","url":"https:\/\/finaisolana.si\/wp-content\/uploads\/2021\/10\/finaisolana_lustna_sol.png","contentUrl":"https:\/\/finaisolana.si\/wp-content\/uploads\/2021\/10\/finaisolana_lustna_sol.png","width":937,"height":937,"caption":"Lu\u0161tna zeli\u0161\u010dna sol"},{"@type":"BreadcrumbList","@id":"https:\/\/finaisolana.si\/en\/product\/sol-lustna\/#breadcrumb","itemListElement":[{"@type":"ListItem","position":1,"name":"Home","item":"https:\/\/finaisolana.si\/en\/"},{"@type":"ListItem","position":2,"name":"Shop","item":"https:\/\/finaisolana.si\/en\/shop\/"},{"@type":"ListItem","position":3,"name":"Lu\u0161tna herb salt"}]},{"@type":"WebSite","@id":"https:\/\/finaisolana.si\/#website","url":"https:\/\/finaisolana.si\/","name":"Fina Isolana","description":"Preprosta kuhinja, ki zdru\u017euje","publisher":{"@id":"https:\/\/finaisolana.si\/#organization"},"alternateName":"Fina Isolana","potentialAction":[{"@type":"SearchAction","target":{"@type":"EntryPoint","urlTemplate":"https:\/\/finaisolana.si\/?s={search_term_string}"},"query-input":{"@type":"PropertyValueSpecification","valueRequired":true,"valueName":"search_term_string"}}],"inLanguage":"en-US"},{"@type":"Organization","@id":"https:\/\/finaisolana.si\/#organization","name":"S.OLIA d.o.o.","url":"https:\/\/finaisolana.si\/","logo":{"@type":"ImageObject","inLanguage":"en-US","@id":"https:\/\/finaisolana.si\/#\/schema\/logo\/image\/","url":"https:\/\/finaisolana.si\/wp-content\/uploads\/2021\/11\/finaisolana-logo-good.png","contentUrl":"https:\/\/finaisolana.si\/wp-content\/uploads\/2021\/11\/finaisolana-logo-good.png","width":627,"height":248,"caption":"S.OLIA d.o.o."},"image":{"@id":"https:\/\/finaisolana.si\/#\/schema\/logo\/image\/"},"sameAs":["https:\/\/www.facebook.com\/finaisolana"]}]}},"_links":{"self":[{"href":"https:\/\/finaisolana.si\/en\/wp-json\/wp\/v2\/product\/961","targetHints":{"allow":["GET"]}}],"collection":[{"href":"https:\/\/finaisolana.si\/en\/wp-json\/wp\/v2\/product"}],"about":[{"href":"https:\/\/finaisolana.si\/en\/wp-json\/wp\/v2\/types\/product"}],"wp:featuredmedia":[{"embeddable":true,"href":"https:\/\/finaisolana.si\/en\/wp-json\/wp\/v2\/media\/528"}],"wp:attachment":[{"href":"https:\/\/finaisolana.si\/en\/wp-json\/wp\/v2\/media?parent=961"}],"wp:term":[{"taxonomy":"product_brand","embeddable":true,"href":"https:\/\/finaisolana.si\/en\/wp-json\/wp\/v2\/product_brand?post=961"},{"taxonomy":"product_cat","embeddable":true,"href":"https:\/\/finaisolana.si\/en\/wp-json\/wp\/v2\/product_cat?post=961"},{"taxonomy":"product_tag","embeddable":true,"href":"https:\/\/finaisolana.si\/en\/wp-json\/wp\/v2\/product_tag?post=961"}],"curies":[{"name":"wp","href":"https:\/\/api.w.org\/{rel}","templated":true}]}}